{"id":32,"date":"2022-01-28T00:00:43","date_gmt":"2022-01-28T00:00:43","guid":{"rendered":"http:\/\/s899516799.online-home.ca\/?page_id=32"},"modified":"2022-01-30T17:25:08","modified_gmt":"2022-01-30T17:25:08","slug":"accueil","status":"publish","type":"page","link":"https:\/\/samirtahar.com\/","title":{"rendered":"Accueil"},"content":{"rendered":"\n<div class=\"wp-block-image\"><figure class=\"aligncenter size-full is-resized\"><img loading=\"lazy\" decoding=\"async\" src=\"https:\/\/samirtahar.com\/wp-content\/uploads\/2022\/01\/anvers3.png\" alt=\"\" class=\"wp-image-123\" width=\"454\" height=\"561\" srcset=\"https:\/\/samirtahar.com\/wp-content\/uploads\/2022\/01\/anvers3.png 572w, https:\/\/samirtahar.com\/wp-content\/uploads\/2022\/01\/anvers3-243x300.png 243w\" sizes=\"auto, (max-width: 454px) 100vw, 454px\" \/><\/figure><\/div>\n\n\n\n<blockquote class=\"wp-block-quote has-text-align-left is-style-plain has-small-font-size is-layout-flow wp-block-quote-is-layout-flow\"><p><em>&#8230; pour go\u00fbter aux charmes de l&rsquo;oud en vol solitaire, \u00e0 son langage de nuances, aux raffinements enivrants de l&rsquo;improvisation (taqsim sur les maq\u00e2mat, pluriel de maq\u00e2m), les modes de la musique savante arabe \u00e0 travers lesquels s&rsquo;exprime t<\/em><em>oute la palette des \u00e9motions. Originaire de Mostaganem, en Alg\u00e9rie, Samir Tahar est \u00e0 la fois chanteur, engag\u00e9 pour la paix et les droits de l&rsquo;homme (il a particip\u00e9 \u00e0 plusieurs galas pour Amnesty International, \u00e9crit des chansons d\u00e9di\u00e9es au peuple alg\u00e9rien) et oudiste de talent.<\/em><\/p><cite><em>Le Monde<\/em><\/cite><\/blockquote>\n","protected":false},"excerpt":{"rendered":"<p>&#8230; pour go\u00fbter aux charmes de l&rsquo;oud en vol solitaire, \u00e0 son langage de nuances, aux raffinements enivrants de l&rsquo;improvisation (taqsim sur les maq\u00e2mat, pluriel de maq\u00e2m), les modes de la musique savante arabe \u00e0 travers lesquels s&rsquo;exprime toute la palette des \u00e9motions. Originaire de Mostaganem, en Alg\u00e9rie, Samir Tahar est \u00e0 la fois chanteur, [&hellip;]<\/p>\n","protected":false},"author":1,"featured_media":0,"parent":0,"menu_order":0,"comment_status":"closed","ping_status":"closed","template":"templates\/full-width-page.php","meta":{"footnotes":""},"class_list":["post-32","page","type-page","status-publish","hentry"],"_links":{"self":[{"href":"https:\/\/samirtahar.com\/index.php?rest_route=\/wp\/v2\/pages\/32","targetHints":{"allow":["GET"]}}],"collection":[{"href":"https:\/\/samirtahar.com\/index.php?rest_route=\/wp\/v2\/pages"}],"about":[{"href":"https:\/\/samirtahar.com\/index.php?rest_route=\/wp\/v2\/types\/page"}],"author":[{"embeddable":true,"href":"https:\/\/samirtahar.com\/index.php?rest_route=\/wp\/v2\/users\/1"}],"replies":[{"embeddable":true,"href":"https:\/\/samirtahar.com\/index.php?rest_route=%2Fwp%2Fv2%2Fcomments&post=32"}],"version-history":[{"count":28,"href":"https:\/\/samirtahar.com\/index.php?rest_route=\/wp\/v2\/pages\/32\/revisions"}],"predecessor-version":[{"id":182,"href":"https:\/\/samirtahar.com\/index.php?rest_route=\/wp\/v2\/pages\/32\/revisions\/182"}],"wp:attachment":[{"href":"https:\/\/samirtahar.com\/index.php?rest_route=%2Fwp%2Fv2%2Fmedia&parent=32"}],"curies":[{"name":"wp","href":"https:\/\/api.w.org\/{rel}","templated":true}]}}